{"id":263,"date":"2022-08-22T21:34:11","date_gmt":"2022-08-23T00:34:11","guid":{"rendered":"http:\/\/local.codu.com\/?page_id=263"},"modified":"2025-08-27T16:46:23","modified_gmt":"2025-08-27T19:46:23","slug":"obras-sociales","status":"publish","type":"page","link":"https:\/\/www.codu.com.ar\/wp\/obras-sociales\/","title":{"rendered":"Obras Sociales"},"content":{"rendered":"\n<h3>Obras Sociales con relaci\u00f3n contractual con CODU<\/h3>\n\n\n\n<div class=\"wp-container-3 wp-block-columns\">\n<div class=\"wp-container-1 wp-block-column\">\n<ul id=\"block-75276ee1-efd7-45de-8102-53734cc13d75\"><li><strong>PANACEA<\/strong><\/li><li><strong>Cobertura Salud<\/strong><\/li><li><strong>Medife<\/strong><\/li><li><strong>OMINT<\/strong><\/li><li><strong>OSDE<\/strong><\/li><li><strong>OSPE<\/strong><\/li><li><strong>OSPIL<\/strong><\/li><li><strong>OSPTV<\/strong><\/li><li><strong>OSSACRA<\/strong><\/li><li><strong>Ospecor<\/strong><\/li><li><strong>Sancor<\/strong><\/li><li><strong>SUME Salud<\/strong><\/li><\/ul>\n<\/div>\n\n\n\n<div class=\"wp-container-2 wp-block-column\">\n<figure class=\"wp-block-image size-large\"><img loading=\"lazy\" width=\"1024\" height=\"1024\" src=\"https:\/\/www.codu.com.ar\/wp\/wp-content\/uploads\/2022\/08\/Isologotipo_FondoColor-CODU-1024x1024.png\" alt=\"\" class=\"wp-image-2597\" srcset=\"https:\/\/www.codu.com.ar\/wp\/wp-content\/uploads\/2022\/08\/Isologotipo_FondoColor-CODU-1024x1024.png 1024w, https:\/\/www.codu.com.ar\/wp\/wp-content\/uploads\/2022\/08\/Isologotipo_FondoColor-CODU-300x300.png 300w, https:\/\/www.codu.com.ar\/wp\/wp-content\/uploads\/2022\/08\/Isologotipo_FondoColor-CODU-150x150.png 150w, https:\/\/www.codu.com.ar\/wp\/wp-content\/uploads\/2022\/08\/Isologotipo_FondoColor-CODU-768x768.png 768w, https:\/\/www.codu.com.ar\/wp\/wp-content\/uploads\/2022\/08\/Isologotipo_FondoColor-CODU-1536x1536.png 1536w, https:\/\/www.codu.com.ar\/wp\/wp-content\/uploads\/2022\/08\/Isologotipo_FondoColor-CODU-2048x2048.png 2048w\" sizes=\"(max-width: 1024px) 100vw, 1024px\" \/><\/figure>\n<\/div>\n<\/div>\n\n\n\n<h3>Obras Sociales con relaci\u00f3n contractual con FOPC<\/h3>\n\n\n\n<ul><li><strong>ACA SALUD<\/strong>\u00a0(Aca Salud (Cooperativa de Prestaci\u00f3n de Servicios M\u00e9dicos Asistenciales)).<\/li><li><strong>ACA \u2013 H\u00c9RCULES \u2013 PLAN FAMILIA PROTEGIDA<\/strong>\u00a0(ACA SALUD \u2013 O. Soc. Asociac. Mutual H\u00e9rcules \u2013 Plan Familia Protegida).<\/li><li><strong>ACA \u2013 H\u00c9RCULES \u2013 PLAN SALUD TOTAL<\/strong>\u00a0(ACA \u2013 O. Soc. Asociac. Mutual H\u00e9rcules \u2013 Plan Salud Total).<\/li><li><strong>ACA \u2013 H\u00c9RCULES \u2013 PLAN BIENESTAR SALUD<\/strong>\u00a0(ACA \u2013 Asociac. Mutual H\u00e9rcules \u2013 Plan Bienestar Salud).<\/li><li><strong>AM\u00c9RICA SERVICIOS M.C.A.<\/strong>\u00a0(Am\u00e9rica Servircios M.C.A.).<\/li><li><strong>AMICOS<\/strong>\u00a0(Asociaci\u00f3n Mutual Intercooperativa Solidaria).<\/li><li><strong>AMTTAC<\/strong>\u00a0(Asociaci\u00f3n Mutual de Trabajadores del Transp. Automotor de Cargas \u2013 Padr\u00f3n acotado para Cba. Capital).<\/li><li><strong>APPI S.R.L. COLEGIO DE FARMAC\u00c9UTICOS<\/strong>\u00a0(APPI S.R.L. \u2013 Colegio de Farmac\u00e9uticos).<\/li><li><strong>APROSS<\/strong>\u00a0(Administraci\u00f3n Provincial de Seguro de Salud).<\/li><li><strong>ASOC.MUT.BCO.PCIA. DE CBA<\/strong>\u00a0\u2013 Pr\u00f3tesis y Ortodoncia (Asociaci\u00f3n Mutualista de Empleados del Bco. de la Provincia de C\u00f3rdoba).<\/li><li><strong>ASOC.MUT.BCO.PCIA.DE CBA<\/strong>. \u2013 Prestaciones generales (Asociaci\u00f3n Mutualista de Empleados del Bco. de la Pcia. de Cba. \u2013 Padr\u00f3n acotado para Cba. Capital).<\/li><li><strong>ASOCIACI\u00d3N MUTUAL DEL PERSONAL DE SAN-COR<\/strong>\u00a0(AMPS) (Asociaci\u00f3n Mutual del Personal de SAN-COR (AMPS)).<\/li><li><strong>ASOC. ECLES. SAN PEDRO<\/strong>\u00a0(Obra Social Asociaci\u00f3n Eclesi\u00e1stica San Pedro).<\/li><li><strong>ATSA<\/strong>\u00a0(Obra Social del Personal de la Sanidad Argentina).<\/li><li><strong>BOREAL COBERTURA DE SALUD S.A.<\/strong>\u00a0(Padr\u00f3n acotado para C\u00f3rdoba Capital).<\/li><li><strong>BRAMED S.R.L \u2013 O.S. PATRONES DE CABOTAJE<\/strong>\u00a0(Bramed SRL \u2013 O.S. Patrones de Cabotaje de R\u00edos y Puertos).<\/li><li><strong>CAJA DE ABOGADOS<\/strong>\u00a0(Caja de Previsi\u00f3n y Seguridad Social de Abogados y Procuradores de la Pvcia de C\u00f3rdoba).<\/li><li><strong>CAJA NOTARIAL<\/strong>\u00a0(Caja Notarial de jubilaciones y previsi\u00f3n social de la provincia de C\u00f3rdoba).<\/li><li><strong>CBA DENTAL<\/strong>\u00a0(CBA-Dental).<\/li><li><strong>CIENCIAS ECONOMICAS<\/strong>\u00a0(Consejo Profesional de Ciencias Econ\u00f3micas).<\/li><li><strong>CONSALUD FORMOSA<\/strong>\u00a0(Con Salud \u2013 Distrito Formosa S.A.).<\/li><li><strong>DASPU<\/strong>\u00a0\u2013 Prestaciones Generales (DASPU (Obra Social Universitaria)).<\/li><li><strong>DASPU<\/strong>\u00a0\u2013 Ortodoncia (Obra Social Universitaria).<\/li><li><strong>FEDERADA SALUD<\/strong>\u00a0(Mutual Federada 25 Junio \u2013 Federada Salud).<\/li><li><strong>FUERZA A\u00c9REA ARGENTINA<\/strong>\u00a0(Fuerza A\u00e9rea Argentina).<\/li><li><strong>GALENO ARGENTINA \u2013 ORO \u2013 PLATA \u2013 AZUL \u2013 BLANCO<\/strong>\u00a0(Galeno Argentina \u2013 Planes Oro \u2013 Plata \u2013 Azul \u2013 Blanco).<\/li><li><strong>GALENO CONSULTING GROUP<\/strong>\u00a0(Galeno Consulting Group).<\/li><li><strong>GR\u00c1FICOS<\/strong>\u00a0(Obra Social del Personal de la Industria Gr\u00e1fica de la Pvcia. de Cba.).<\/li><li><strong>INTEGRAL SALUD<\/strong>\u00a0(<strong>OSPOCE<\/strong>) (Obra Social Integral Salud).<\/li><li><strong>INDESAL (OSFATUN)<\/strong>\u00a0(CUIT 30-7140466-3 \u2013 IVA Resp Insc) S.A.<\/li><li><strong>IOSE<\/strong>\u00a0(Instituto Obra Social del Ej\u00e9rcito).<\/li><li><strong>JER\u00c1RQUICOS SALUD<\/strong>\u00a0(Asociaci\u00f3n Mutual del Personal Jer\u00e1quico de Bancos Oficiales).<\/li><li><strong>LOCUTORES<\/strong>\u00a0(Obra Social Sociedad Argentina de Locutores).<\/li><li><strong>MUTUAL PROCEDER<\/strong>\u00a0(FOC SALUD) (Mutual Sudecor Litoral).<\/li><li><strong>NOBIS<\/strong>.<\/li><li><strong>OBRA SOCIAL DE LUIS PASTEUR<\/strong>\u00a0(Obra Social de Luis Pasteur).<\/li><li><strong>OBRA SOCIAL DE LA INDUSTRIA DEL PL\u00c1STICO<\/strong>\u00a0(Obra Social de la Industria del pl\u00e1stico).<\/li><li><strong>O.SOC. DEL PERS. DE LUZ Y FUERZA C\u00d3RDOBA<\/strong>\u00a0(O.Soc. Pers. Luz y Fuerza Cba. \u2013 Pr\u00f3tesis \u2013 Ortodoncia \u2013 Implantes \/ No v\u00e1lido para Cba. Capital).<\/li><li><strong>OSDOP<\/strong>\u00a0\u2013 Prestaciones generales (Docentes Particulares \u2013 Padr\u00f3n acotado para Cba. Capital).<\/li><li><strong>OSIAD SALUD \u2013 ACEITERA, DESMONTADORA Y AFINES<\/strong>\u00a0(Obra Social para el Personal Industria Aceitera, Desmontadora y Afines (OSIAD salud)).<\/li><li><strong>OSPERyHRA<\/strong>\u00a0(Obra Social del Personal de Edificios de Rentas y Horizontal de la Rep\u00fablica Argentina).<\/li><li><strong>OSPIA<\/strong>\u00a0(Obra Social del Personal de la Ind. Alimentaci\u00f3n).<\/li><li><strong>OSFATLyF<\/strong>\u00a0(Obra Social de la Federaci\u00f3n Argentina de Trabajadores de Luz y Fuerza).<\/li><li><strong>OSSEG<\/strong>\u00a0\u2013 Prestaciones generales (CORA) (Seguros).<\/li><li><strong>OSPEA<\/strong>\u00a0(Obra Social del Personal Superior y Profesional de Empresas Aerocomerciales).<\/li><li><strong>OSDOP \u2013 SADOP<\/strong>\u00a0\u2013 Pr\u00f3tesis (30) (Docentes Particulares).<\/li><li><strong>OSCCPTAC<\/strong>\u00a0(O.S. Conductores Cami\u00f3n. y Pers. de Transp. Autom. de Cargas \u2013 Cba. Cap. \u2013 Padr\u00f3n acotado).<\/li><li><strong>OSCCPTAC<\/strong>\u00a0(V\u00e1lido \u00fanic. para las ciud. de V. Mar\u00eda, R. Cuarto, S. Fco., J. Mar\u00eda, M. Ju\u00e1rez y R. Terc).<\/li><li><strong>OSCCPTAC<\/strong>\u00a0(valido unic.int.pcia.excep. ciud. de V. Mar\u00eda, R. Cuarto, S. Fco., J. Mar\u00eda, M. Ju\u00e1rez y R. Terc).<\/li><li><strong>OSPIL<\/strong>\u00a0(Obra Social del Personal de la Inndustria Lechera).<\/li><li><strong>OSSEG<\/strong>\u00a0\u2013 Pr\u00f3tesis (CORA) (Seguros).<\/li><li><strong>OSDIPP<\/strong>\u00a0(Obra Social del Personal de Direcci\u00f3n de la Industria Privada del Petroleo).<\/li><li><strong>OSPLA<\/strong>\u00a0(Obra Social de Pilotos de Lineas A\u00e9reas).<\/li><li><strong>OSPPRA (CORA)<\/strong>\u00a0(Personal de Prensa de la Rep\u00fablica Argentina)).<\/li><li><strong>OSPEGAP \u2013 Socdus<\/strong>\u00a0(O.S. Petroleo y Gas Privado \u2013 Socdus).<\/li><li><strong>OSMATA<\/strong>\u00a0(Obra Social de SMATA \u2013 CORA) (No v\u00e1lido para Cba. Capital).<\/li><li><strong>OSPES<\/strong>\u00a0(Estac Serv Garag Playas Estac Lav Gom (O. Soc. Pers. Estac. Servic., Garajes, Playas Estac., Lavad. Autom. y Gomer\u00edas de la R.A.).<\/li><li><strong>OSITAC<\/strong>\u00a0(Asoc. Obrera de la Industria del Transporte Automotor).<\/li><li><strong>PREVENCI\u00d3N SALUD<\/strong>\u00a0(Prevenci\u00f3n Salud).<\/li><li><strong>POLICIA FEDERAL<\/strong>\u00a0(CORA) (Obra Social Polic\u00eda Federal).<\/li><li><strong>PODER JUDICIAL DE LA NACI\u00d3N<\/strong>\u00a0(Obra Social Poder Judicial de la Naci\u00f3n).<\/li><li><strong>REGIONAL LUZ Y FUERZA SALUD S.A.<\/strong>\u00a0(Regional Luz y Fuerza Salud S.A. \u2013 No v\u00e1lido para Cba. Capital).<\/li><li><strong>RED ARGENTINA DE SALUD<\/strong>\u00a0(Red Argentina de Salud \u2013 Consorcio de Cooperaci\u00f3n).<\/li><li><strong>SADAIC<\/strong>\u00a0(Sociedad Argentina de Autores y Compositores).<\/li><li><strong>SERVE-SALUD<\/strong>\u00a0(Obra Social Personal de la Direcci\u00f3n de la Industria Cervecera y Maltera).<\/li><li><strong>SWISS MEDICAL S.A.<\/strong>\u00a0(Padr\u00f3n acotado para Cba. Capital).<\/li><\/ul>\n\n\n\n<div style=\"height:100px\" aria-hidden=\"true\" class=\"wp-block-spacer\"><\/div>\n\n\n\n<p><\/p>\n","protected":false},"excerpt":{"rendered":"<p>Obras Sociales con relaci\u00f3n contractual con CODU PANACEA Cobertura Salud Medife OMINT OSDE OSPE OSPIL OSPTV OSSACRA Ospecor Sancor SUME Salud Obras Sociales con relaci\u00f3n contractual con FOPC ACA SALUD\u00a0(Aca Salud (Cooperativa de Prestaci\u00f3n de Servicios M\u00e9dicos Asistenciales)). ACA \u2013 H\u00c9RCULES \u2013 PLAN FAMILIA PROTEGIDA\u00a0(ACA SALUD \u2013 O. Soc. Asociac. Mutual H\u00e9rcules \u2013 Plan Familia&hellip;<\/p>\n","protected":false},"author":1,"featured_media":0,"parent":0,"menu_order":0,"comment_status":"closed","ping_status":"closed","template":"","meta":[],"_links":{"self":[{"href":"https:\/\/www.codu.com.ar\/wp\/wp-json\/wp\/v2\/pages\/263"}],"collection":[{"href":"https:\/\/www.codu.com.ar\/wp\/wp-json\/wp\/v2\/pages"}],"about":[{"href":"https:\/\/www.codu.com.ar\/wp\/wp-json\/wp\/v2\/types\/page"}],"author":[{"embeddable":true,"href":"https:\/\/www.codu.com.ar\/wp\/wp-json\/wp\/v2\/users\/1"}],"replies":[{"embeddable":true,"href":"https:\/\/www.codu.com.ar\/wp\/wp-json\/wp\/v2\/comments?post=263"}],"version-history":[{"count":23,"href":"https:\/\/www.codu.com.ar\/wp\/wp-json\/wp\/v2\/pages\/263\/revisions"}],"predecessor-version":[{"id":3437,"href":"https:\/\/www.codu.com.ar\/wp\/wp-json\/wp\/v2\/pages\/263\/revisions\/3437"}],"wp:attachment":[{"href":"https:\/\/www.codu.com.ar\/wp\/wp-json\/wp\/v2\/media?parent=263"}],"curies":[{"name":"wp","href":"https:\/\/api.w.org\/{rel}","templated":true}]}}